{"id":2,"date":"2016-05-15T09:41:52","date_gmt":"2016-05-15T08:41:52","guid":{"rendered":"http:\/\/bricesodini.fr\/?page_id=2"},"modified":"2023-10-25T09:40:51","modified_gmt":"2023-10-25T08:40:51","slug":"page-d-exemple","status":"publish","type":"page","link":"http:\/\/bricesodini.fr\/","title":{"rendered":"Cr\u00e9ation et communication audiovisuelle"},"content":{"rendered":"<hr \/>\n<h3 style=\"text-align: center;\">Votre projet sur-mesure, ajust\u00e9 \u00e0 vos besoins.<\/h3>\n<p style=\"text-align: center;\"><img decoding=\"async\" loading=\"lazy\" class=\"wp-image-89 aligncenter\" src=\"http:\/\/bricesodini.fr\/wp-content\/uploads\/2016\/05\/\u00e9changes-adaptation-r\u00e9activit\u00e9-300x120.png\" alt=\"\u00e9changes adaptation r\u00e9activit\u00e9\" width=\"573\" height=\"229\" srcset=\"http:\/\/bricesodini.fr\/wp-content\/uploads\/2016\/05\/\u00e9changes-adaptation-r\u00e9activit\u00e9-300x120.png 300w, http:\/\/bricesodini.fr\/wp-content\/uploads\/2016\/05\/\u00e9changes-adaptation-r\u00e9activit\u00e9-768x307.png 768w, http:\/\/bricesodini.fr\/wp-content\/uploads\/2016\/05\/\u00e9changes-adaptation-r\u00e9activit\u00e9-1024x409.png 1024w, http:\/\/bricesodini.fr\/wp-content\/uploads\/2016\/05\/\u00e9changes-adaptation-r\u00e9activit\u00e9-750x300.png 750w\" sizes=\"(max-width: 573px) 100vw, 573px\" \/><\/p>\n<hr \/>\n<h3 style=\"text-align: center;\">Des comp\u00e9tences en synergie.<\/h3>\n<p style=\"text-align: center;\"><img decoding=\"async\" loading=\"lazy\" class=\"alignnone size-medium wp-image-103\" src=\"http:\/\/bricesodini.fr\/wp-content\/uploads\/2016\/05\/BS-\u00e9criture-292x300.png\" alt=\"BS \u00e9criture\" width=\"292\" height=\"300\" srcset=\"http:\/\/bricesodini.fr\/wp-content\/uploads\/2016\/05\/BS-\u00e9criture-292x300.png 292w, http:\/\/bricesodini.fr\/wp-content\/uploads\/2016\/05\/BS-\u00e9criture.png 667w, http:\/\/bricesodini.fr\/wp-content\/uploads\/2016\/05\/BS-\u00e9criture-292x300@2x.png 584w\" sizes=\"(max-width: 292px) 100vw, 292px\" \/><\/p>\n<p style=\"text-align: center;\"><img decoding=\"async\" loading=\"lazy\" class=\"alignnone size-medium wp-image-101\" src=\"http:\/\/bricesodini.fr\/wp-content\/uploads\/2016\/05\/BS-vid\u00e9o-292x300.png\" alt=\"BS vid\u00e9o\" width=\"292\" height=\"300\" srcset=\"http:\/\/bricesodini.fr\/wp-content\/uploads\/2016\/05\/BS-vid\u00e9o-292x300.png 292w, http:\/\/bricesodini.fr\/wp-content\/uploads\/2016\/05\/BS-vid\u00e9o.png 667w, http:\/\/bricesodini.fr\/wp-content\/uploads\/2016\/05\/BS-vid\u00e9o-292x300@2x.png 584w\" sizes=\"(max-width: 292px) 100vw, 292px\" \/><\/p>\n<p style=\"text-align: center;\"><img decoding=\"async\" loading=\"lazy\" class=\"alignnone size-medium wp-image-100\" src=\"http:\/\/bricesodini.fr\/wp-content\/uploads\/2016\/05\/BS-son-292x300.png\" alt=\"BS son\" width=\"292\" height=\"300\" srcset=\"http:\/\/bricesodini.fr\/wp-content\/uploads\/2016\/05\/BS-son-292x300.png 292w, http:\/\/bricesodini.fr\/wp-content\/uploads\/2016\/05\/BS-son.png 667w, http:\/\/bricesodini.fr\/wp-content\/uploads\/2016\/05\/BS-son-292x300@2x.png 584w\" sizes=\"(max-width: 292px) 100vw, 292px\" \/><\/p>\n<p style=\"text-align: center;\"><img decoding=\"async\" loading=\"lazy\" class=\"alignnone size-medium wp-image-99\" src=\"http:\/\/bricesodini.fr\/wp-content\/uploads\/2016\/05\/BS-photo-292x300.png\" alt=\"BS photo\" width=\"292\" height=\"300\" srcset=\"http:\/\/bricesodini.fr\/wp-content\/uploads\/2016\/05\/BS-photo-292x300.png 292w, http:\/\/bricesodini.fr\/wp-content\/uploads\/2016\/05\/BS-photo.png 667w, http:\/\/bricesodini.fr\/wp-content\/uploads\/2016\/05\/BS-photo-292x300@2x.png 584w\" sizes=\"(max-width: 292px) 100vw, 292px\" \/><\/p>\n<p style=\"text-align: center;\"><img decoding=\"async\" loading=\"lazy\" class=\"alignnone size-medium wp-image-102\" src=\"http:\/\/bricesodini.fr\/wp-content\/uploads\/2016\/05\/BS-dessin-292x300.png\" alt=\"BS dessin\" width=\"292\" height=\"300\" srcset=\"http:\/\/bricesodini.fr\/wp-content\/uploads\/2016\/05\/BS-dessin-292x300.png 292w, http:\/\/bricesodini.fr\/wp-content\/uploads\/2016\/05\/BS-dessin.png 667w, http:\/\/bricesodini.fr\/wp-content\/uploads\/2016\/05\/BS-dessin-292x300@2x.png 584w\" sizes=\"(max-width: 292px) 100vw, 292px\" \/><\/p>\n","protected":false},"excerpt":{"rendered":"<p>Votre projet sur-mesure, ajust\u00e9 \u00e0 vos besoins. Des comp\u00e9tences en synergie.<\/p>\n","protected":false},"author":1,"featured_media":0,"parent":0,"menu_order":0,"comment_status":"closed","ping_status":"open","template":"page_fullwidth.php","meta":[],"_links":{"self":[{"href":"http:\/\/bricesodini.fr\/index.php\/wp-json\/wp\/v2\/pages\/2"}],"collection":[{"href":"http:\/\/bricesodini.fr\/index.php\/wp-json\/wp\/v2\/pages"}],"about":[{"href":"http:\/\/bricesodini.fr\/index.php\/wp-json\/wp\/v2\/types\/page"}],"author":[{"embeddable":true,"href":"http:\/\/bricesodini.fr\/index.php\/wp-json\/wp\/v2\/users\/1"}],"replies":[{"embeddable":true,"href":"http:\/\/bricesodini.fr\/index.php\/wp-json\/wp\/v2\/comments?post=2"}],"version-history":[{"count":53,"href":"http:\/\/bricesodini.fr\/index.php\/wp-json\/wp\/v2\/pages\/2\/revisions"}],"predecessor-version":[{"id":146,"href":"http:\/\/bricesodini.fr\/index.php\/wp-json\/wp\/v2\/pages\/2\/revisions\/146"}],"wp:attachment":[{"href":"http:\/\/bricesodini.fr\/index.php\/wp-json\/wp\/v2\/media?parent=2"}],"curies":[{"name":"wp","href":"https:\/\/api.w.org\/{rel}","templated":true}]}}