{"id":62,"date":"2016-08-25T18:23:45","date_gmt":"2016-08-25T17:23:45","guid":{"rendered":"http:\/\/bricesodini.fr\/?page_id=62"},"modified":"2018-02-19T20:38:55","modified_gmt":"2018-02-19T19:38:55","slug":"productions","status":"publish","type":"page","link":"http:\/\/bricesodini.fr\/index.php\/productions\/","title":{"rendered":"Productions"},"content":{"rendered":"<p style=\"text-align: center;\">Teaser DSC<\/p>\n<p><iframe loading=\"lazy\" src=\"https:\/\/player.vimeo.com\/video\/252930860?color=ff0179&amp;title=0&amp;byline=0&amp;portrait=0\" width=\"640\" height=\"360\" frameborder=\"0\" allowfullscreen=\"allowfullscreen\"><\/iframe><\/p>\n<p style=\"text-align: center;\">Annonay 2018 &#8211;\u00a0Annonay, coeurs battants<\/p>\n<p><iframe loading=\"lazy\" src=\"https:\/\/player.vimeo.com\/video\/250372679?color=ff0179&amp;title=0&amp;byline=0&amp;portrait=0\" width=\"640\" height=\"360\" frameborder=\"0\" allowfullscreen=\"allowfullscreen\"><\/iframe><\/p>\n<p style=\"text-align: center;\">Mondial Rabelais du Saucisson &#8211; Vanosc 2018<\/p>\n<p><iframe loading=\"lazy\" src=\"https:\/\/player.vimeo.com\/video\/249199056?color=ff0179&amp;title=0&amp;byline=0&amp;portrait=0\" width=\"640\" height=\"360\" frameborder=\"0\" allowfullscreen=\"allowfullscreen\"><\/iframe><\/p>\n<p style=\"text-align: center;\">Appoloss &#8211; Viens danser la bourr\u00e9e<\/p>\n<p><iframe loading=\"lazy\" src=\"https:\/\/player.vimeo.com\/video\/225481467?color=ff0179&amp;title=0&amp;byline=0&amp;portrait=0\" width=\"640\" height=\"272\" frameborder=\"0\" allowfullscreen=\"allowfullscreen\"><\/iframe><\/p>\n<p style=\"text-align: center;\">Annonay 2017 &#8211; Tous acteurs !<\/p>\n<p><iframe loading=\"lazy\" src=\"https:\/\/player.vimeo.com\/video\/197763910?color=ff0179&amp;title=0&amp;byline=0&amp;portrait=0\" width=\"640\" height=\"360\" frameborder=\"0\" allowfullscreen=\"allowfullscreen\"><\/iframe><\/p>\n<p style=\"text-align: center;\">La vall\u00e9e de la Vocance : Osez le bonheur<\/p>\n<p><iframe loading=\"lazy\" src=\"https:\/\/player.vimeo.com\/video\/186054780?color=ff0179&amp;title=0&amp;byline=0&amp;portrait=0\" width=\"640\" height=\"360\" frameborder=\"0\" allowfullscreen=\"allowfullscreen\"><\/iframe><\/p>\n<p style=\"text-align: center;\">Film de pr\u00e9sentation d&rsquo;Annonay Rh\u00f4ne Agglo pour le congr\u00e8s des maires d&rsquo;Ard\u00e8che :<\/p>\n<p style=\"text-align: center;\"><iframe loading=\"lazy\" src=\"https:\/\/player.vimeo.com\/video\/187867784?color=ff0179&amp;title=0&amp;byline=0&amp;portrait=0\" width=\"640\" height=\"360\" frameborder=\"0\" allowfullscreen=\"allowfullscreen\"><\/iframe><\/p>\n<p style=\"text-align: center;\">Communication Ville d&rsquo;Annonay :<\/p>\n<p><iframe loading=\"lazy\" src=\"https:\/\/player.vimeo.com\/video\/185709458?color=ff0179&amp;title=0&amp;byline=0&amp;portrait=0\" width=\"640\" height=\"360\" frameborder=\"0\" allowfullscreen=\"allowfullscreen\"><\/iframe><\/p>\n<p style=\"text-align: center;\">Communication cin\u00e9ma &#8211; Saison culturelle \u00ab\u00a0En sc\u00e8ne\u00a0\u00bb Annonay Agglo :<\/p>\n<p><iframe loading=\"lazy\" src=\"https:\/\/player.vimeo.com\/video\/175325627?color=ff0179&amp;title=0&amp;byline=0&amp;portrait=0\" width=\"640\" height=\"337\" frameborder=\"0\" allowfullscreen=\"allowfullscreen\"><\/iframe><\/p>\n<p style=\"text-align: center;\">Pr\u00e9sentation d&rsquo;Activemploi :<\/p>\n<p><iframe loading=\"lazy\" src=\"https:\/\/player.vimeo.com\/video\/170233352?color=ff0179&amp;title=0&amp;byline=0&amp;portrait=0\" width=\"640\" height=\"360\" frameborder=\"0\" allowfullscreen=\"allowfullscreen\"><\/iframe><\/p>\n<p style=\"text-align: center;\">Promotion de la Ville d&rsquo;Annonay :<\/p>\n<p><iframe loading=\"lazy\" src=\"https:\/\/www.youtube.com\/embed\/h6GoqME-xtE\" width=\"640\" height=\"360\" frameborder=\"0\" allowfullscreen=\"allowfullscreen\"><\/iframe><\/p>\n<p style=\"text-align: center;\">Reportage pour la CPAM de l&rsquo;Ard\u00e8che<\/p>\n<p><iframe loading=\"lazy\" src=\"https:\/\/www.youtube.com\/embed\/OjAe5GEZr1g\" width=\"640\" height=\"360\" frameborder=\"0\" allowfullscreen=\"allowfullscreen\"><\/iframe><\/p>\n<p style=\"text-align: center;\">Film de communication pour le Lyc\u00e9e St Denis :<\/p>\n<p><iframe loading=\"lazy\" src=\"https:\/\/www.youtube.com\/embed\/JPwxQf5nLqs?list=PLnFF9eMLXGKQ6DEjZk7bDKJJ4Q86XYjJ5\" width=\"640\" height=\"360\" frameborder=\"0\" allowfullscreen=\"allowfullscreen\"><\/iframe><\/p>\n<p style=\"text-align: center;\">Promotion de la Ville d&rsquo;Annonay :<\/p>\n<p><iframe loading=\"lazy\" src=\"https:\/\/www.youtube.com\/embed\/WPbz-K8bo2M\" width=\"640\" height=\"360\" frameborder=\"0\" allowfullscreen=\"allowfullscreen\"><\/iframe><\/p>\n<p style=\"text-align: center;\">Promotion des activit\u00e9s d&rsquo;Ard\u00e8che Habitat :<\/p>\n<p><iframe loading=\"lazy\" src=\"https:\/\/www.youtube.com\/embed\/5f7n7SIB0jk\" width=\"640\" height=\"360\" frameborder=\"0\" allowfullscreen=\"allowfullscreen\"><\/iframe><\/p>\n<p style=\"text-align: center;\">Film de communication pour le Lyc\u00e9e St Denis :<\/p>\n<p><iframe loading=\"lazy\" src=\"https:\/\/www.youtube.com\/embed\/CjYHYGNlJyE\" width=\"640\" height=\"360\" frameborder=\"0\" allowfullscreen=\"allowfullscreen\"><\/iframe><\/p>\n<p style=\"text-align: center;\">Promotion de la Ville d&rsquo;Annonay :<\/p>\n<p><iframe loading=\"lazy\" src=\"https:\/\/www.youtube.com\/embed\/2LvpnZRH2uQ\" width=\"640\" height=\"360\" frameborder=\"0\" allowfullscreen=\"allowfullscreen\"><\/iframe><\/p>\n","protected":false},"excerpt":{"rendered":"<p>Teaser DSC Annonay 2018 &#8211;\u00a0Annonay, coeurs battants Mondial Rabelais du Saucisson &#8211; Vanosc 2018 Appoloss &#8211; Viens danser la bourr\u00e9e Annonay 2017 &#8211; Tous acteurs ! La vall\u00e9e de la Vocance : Osez le bonheur Film de pr\u00e9sentation d&rsquo;Annonay Rh\u00f4ne Agglo pour le congr\u00e8s des maires d&rsquo;Ard\u00e8che : Communication Ville d&rsquo;Annonay : Communication cin\u00e9ma &#8211; [&hellip;]<\/p>\n","protected":false},"author":1,"featured_media":0,"parent":0,"menu_order":0,"comment_status":"closed","ping_status":"closed","template":"page_fullwidth.php","meta":[],"_links":{"self":[{"href":"http:\/\/bricesodini.fr\/index.php\/wp-json\/wp\/v2\/pages\/62"}],"collection":[{"href":"http:\/\/bricesodini.fr\/index.php\/wp-json\/wp\/v2\/pages"}],"about":[{"href":"http:\/\/bricesodini.fr\/index.php\/wp-json\/wp\/v2\/types\/page"}],"author":[{"embeddable":true,"href":"http:\/\/bricesodini.fr\/index.php\/wp-json\/wp\/v2\/users\/1"}],"replies":[{"embeddable":true,"href":"http:\/\/bricesodini.fr\/index.php\/wp-json\/wp\/v2\/comments?post=62"}],"version-history":[{"count":22,"href":"http:\/\/bricesodini.fr\/index.php\/wp-json\/wp\/v2\/pages\/62\/revisions"}],"predecessor-version":[{"id":140,"href":"http:\/\/bricesodini.fr\/index.php\/wp-json\/wp\/v2\/pages\/62\/revisions\/140"}],"wp:attachment":[{"href":"http:\/\/bricesodini.fr\/index.php\/wp-json\/wp\/v2\/media?parent=62"}],"curies":[{"name":"wp","href":"https:\/\/api.w.org\/{rel}","templated":true}]}}